{"id":37,"date":"2015-12-22T12:31:35","date_gmt":"2015-12-22T12:31:35","guid":{"rendered":"http:\/\/dpiteam.com\/?page_id=37"},"modified":"2016-01-07T19:18:45","modified_gmt":"2016-01-07T19:18:45","slug":"notre-equipe","status":"publish","type":"page","link":"https:\/\/dpiteam.com\/index.php\/notre-equipe\/","title":{"rendered":"Nos valeurs, notre \u00e9quipe, nos comp\u00e9tences"},"content":{"rendered":"<h2 style=\"text-align: center;\">Nos valeurs<\/h2>\n<p>Nos valeurs d\u00e9finissent qui nous sommes. Elles nous quident dans notre travail quotidien, d\u00e9finissent notre comportement dans la gestion des vos projet et influencent la fa\u00e7on dont nous accompagnons nos clients.<\/p>\n<p><code><style type=\"text\/css\">#g1, #g2, #g3, #g4{ width:200px; height:160px; display: inline-block; margin: 1em; }\r\n\t\t\t\t#gage_chart{text-align:center;}<\/style><script>var g1, g2, g3, g4;\nfunction anup(){var g1 = new JustGage({\r\n\t\t\t\t\t\t  id: \"g1\", \r\n\t\t\t\t\t\t  value: 100,\r\n\t\t\t\t\t\t  title: \"Fiabilit\u00e9\",\r\n\t\t\t\t\t\t  valueFontColor: \"#1e73be\",\r\n\t\t\t\t\t\t  levelColors : [\"#1e73be\"],\r\n\t\t\t\t\t\t  titleFontColor : \"#1e73be\",\r\n\t\t\t\t\t\t  labelFontColor : \"#1e73be\",\r\n\t\t\t\t\t\t  gaugeColor : \"#eee\",\r\n\t\t\t\t\t\t  min: 0,\r\n\t\t\t\t\t\t  max: 100,\r\n\t\t\t\t\t\t  label: \"%\",\r\n\t\t\t\t\t\t  levelColorsGradient: false,\r\n\t\t\t\t\t\t  showMinMax :\"hide\",\r\n\t\t\t\t\t\t  shadowOpacity :\"0.2\",\t\t\r\n\t\t\t\t\t\t  shadowSize : \"5\",  \r\n\t\t\t\t\t\t  startAnimationType : \"easein\",\r\n\t\t\t\t\t});\nvar g2 = new JustGage({\r\n\t\t\t\t\t\t  id: \"g2\", \r\n\t\t\t\t\t\t  value: 100,\r\n\t\t\t\t\t\t  title: \"Efficacit\u00e9\",\r\n\t\t\t\t\t\t  valueFontColor: \"#1e73be\",\r\n\t\t\t\t\t\t  levelColors : [\"#1e73be\"],\r\n\t\t\t\t\t\t  titleFontColor : \"#1e73be\",\r\n\t\t\t\t\t\t  labelFontColor : \"#1e73be\",\r\n\t\t\t\t\t\t  gaugeColor : \"#eee\",\r\n\t\t\t\t\t\t  min: 0,\r\n\t\t\t\t\t\t  max: 100,\r\n\t\t\t\t\t\t  label: \"%\",\r\n\t\t\t\t\t\t  levelColorsGradient: false,\r\n\t\t\t\t\t\t  showMinMax :\"hide\",\r\n\t\t\t\t\t\t  shadowOpacity :\"0.2\",\t\t\r\n\t\t\t\t\t\t  shadowSize : \"5\",  \r\n\t\t\t\t\t\t  startAnimationType : \"easein\",\r\n\t\t\t\t\t});\nvar g3 = new JustGage({\r\n\t\t\t\t\t\t  id: \"g3\", \r\n\t\t\t\t\t\t  value: 100,\r\n\t\t\t\t\t\t  title: \"Qualit\u00e9\",\r\n\t\t\t\t\t\t  valueFontColor: \"#1e73be\",\r\n\t\t\t\t\t\t  levelColors : [\"#1e73be\"],\r\n\t\t\t\t\t\t  titleFontColor : \"#1e73be\",\r\n\t\t\t\t\t\t  labelFontColor : \"#1e73be\",\r\n\t\t\t\t\t\t  gaugeColor : \"#eee\",\r\n\t\t\t\t\t\t  min: 0,\r\n\t\t\t\t\t\t  max: 100,\r\n\t\t\t\t\t\t  label: \"%\",\r\n\t\t\t\t\t\t  levelColorsGradient: false,\r\n\t\t\t\t\t\t  showMinMax :\"hide\",\r\n\t\t\t\t\t\t  shadowOpacity :\"0.2\",\t\t\r\n\t\t\t\t\t\t  shadowSize : \"5\",  \r\n\t\t\t\t\t\t  startAnimationType : \"easein\",\r\n\t\t\t\t\t});\nvar g4 = new JustGage({\r\n\t\t\t\t\t\t  id: \"g4\", \r\n\t\t\t\t\t\t  value: 100,\r\n\t\t\t\t\t\t  title: \"Service\",\r\n\t\t\t\t\t\t  valueFontColor: \"#1e73be\",\r\n\t\t\t\t\t\t  levelColors : [\"#1e73be\"],\r\n\t\t\t\t\t\t  titleFontColor : \"#1e73be\",\r\n\t\t\t\t\t\t  labelFontColor : \"#1e73be\",\r\n\t\t\t\t\t\t  gaugeColor : \"#eee\",\r\n\t\t\t\t\t\t  min: 0,\r\n\t\t\t\t\t\t  max: 100,\r\n\t\t\t\t\t\t  label: \"%\",\r\n\t\t\t\t\t\t  levelColorsGradient: false,\r\n\t\t\t\t\t\t  showMinMax :\"hide\",\r\n\t\t\t\t\t\t  shadowOpacity :\"0.2\",\t\t\r\n\t\t\t\t\t\t  shadowSize : \"5\",  \r\n\t\t\t\t\t\t  startAnimationType : \"easein\",\r\n\t\t\t\t\t});\n};\njQuery(document).ready( function(){\r\n\t\t\t\tif ( jQuery(\"#gage_chart\").next().is(\":appeared\") ){\r\n\t\t\t\t\tif (  ! jQuery(\"#gage_chart\").hasClass(\"gc_active\") ) {\r\n\t\t\t\t\t\tanup();\r\n\t\t\t\t\t\tjQuery(\"#gage_chart\").addClass(\"gc_active\");\r\n\t\t\t\t\t}\r\n\t\t\t\t} else {\r\n\t\t\t\t\tjQuery( window ).scroll(function() {\r\n\t\t\t\t\t\tif ( jQuery(\"#gage_chart\").next().is(\":appeared\") ){\r\n\t\t\t\t\t\t\tif (  ! jQuery(\"#gage_chart\").hasClass(\"gc_active\") ) {\r\n\t\t\t\t\t\t\t\tanup();\r\n\t\t\t\t\t\t\t\tjQuery(\"#gage_chart\").addClass(\"gc_active\");\r\n\t\t\t\t\t\t\t}\r\n\t\t\t\t\t\t}\r\n\t\t\t\t\t});\r\n\t\t\t\t}\r\n\t\t\t});\r\n\t\t\t<\/script><div id=\"gage_chart\"><div id=\"g1\"><\/div><div id=\"g2\"><\/div><div id=\"g3\"><\/div><div id=\"g4\"><\/div><\/div><div style=\"clear:both; height:10px; overflow:hidden;\"><\/div> <\/code><\/p>\n<h2 style=\"text-align: center;\">Notre \u00e9quipe<\/h2>\n<p>Voici notre \u00e9quipe qui mettra tout en oeuvre pour livrer des solutions de qualit\u00e9 qui correspondent \u00e0 vos besoins. Nous travaillons \u00e9galement avec des collaborateurs externes pour des domaines sp\u00e9cifiques.<\/p>\n\n<h2 style=\"text-align: center;\">Nos comp\u00e9tences<\/h2>\n<p>Afin de g\u00e9rer les projets les plus divers, nous \u00e9largissons en permanence nos domaines de comp\u00e9tence.<\/p>\n<!-- Carousel Style & Script for  gallery-69e21a3b443ad -->\r\n\r\n<script type=\"text\/javascript\">\r\n\/\/ <![CDATA[\r\n\/* START --- Image Carousel --- *\/\r\n\r\njQuery(document).ready(function($) {\r\n\r\n    \r\n    $('#icppreloader-gallery-69e21a3b443ad').fadeOut(300, function() {\r\n        $('#gallery-69e21a3b443ad').fadeIn(300);\r\n        var slider69e21a3b443ad = $('#gallery-69e21a3b443ad').bxSlider({\r\n            auto: true,\r\n            pause: 3000,\r\n            autoHover: true,\r\n            moveSlides: 3,\r\n            minSlides: 3,\r\n            maxSlides: 3,\r\n            slideWidth: 128,\r\n            slideMargin: 10,\r\n            startSlide: 0,\r\n            infiniteLoop: true,\r\n            captions: false,\r\n            captionsMode: 'alt',\r\n            adaptiveHeight: true,\r\n            useCSS: false,\r\n            pager: false,\r\n            easing: 'easeInOutBack',\r\n            speed: 2500,\r\n            preloadImages: 'all',\r\n            onSlideBefore: function() {\r\n                $('#gallery-69e21a3b443ad .bx-caption').slideUp();\r\n            },\r\n            onSlideAfter: function($slideElement, oldIndex, newIndex) {\r\n                                slider69e21a3b443ad.stopAuto();\r\n                slider69e21a3b443ad.startAuto();\r\n                                $('#gallery-69e21a3b443ad .bx-caption').slideDown();\r\n            }\r\n        });\r\n\r\n    });\r\n});\r\n\r\n\/* END --- Image Carousel --- *\/\r\n\r\n\/\/ ]]>\r\n<\/script>\r\n\r\n<style type=\"text\/css\">\r\n.markup-gallery-69e21a3b443ad .carousel-item img {width: 100%;margin: 0 auto;border:none !important;border-radius: 0px !important;box-shadow:none !important;}.markup-gallery-69e21a3b443ad .bx-controls-direction a {display: none;}.markup-gallery-69e21a3b443ad .bx-wrapper:hover .bx-controls-direction a {display: block;}.markup-gallery-69e21a3b443ad .bx-wrapper { margin-bottom: 15px !important;}1<\/style>\r\n\r\n\n\t\t<div id='icppreloader-gallery-69e21a3b443ad' class='icpsliderpreloader'><\/div><div class='markup-gallery-69e21a3b443ad'><div style='display:none;' id='gallery-69e21a3b443ad' class='ghozylab-gallery-nolightbox galleryid-37 gallery-size-full'><div class='carousel-item'><img width=\"128\" height=\"128\" src=\"https:\/\/dpiteam.com\/wp-content\/uploads\/image_carousel_thumbs\/Joomla-logo-p2kkh4uredl7gbhho0p82bc7d83t94xvrhvx39qc5c.png\" class=\"attachment-full size-full\" alt=\"\" loading=\"lazy\" \/><\/div><div class='carousel-item'><img width=\"128\" height=\"128\" src=\"https:\/\/dpiteam.com\/wp-content\/uploads\/image_carousel_thumbs\/QT-logo-p2kkh8m45pqcqrc122bqcae1qrla3xct40hv0dkrgg.png\" class=\"attachment-full size-full\" alt=\"\" loading=\"lazy\" \/><\/div><div class='carousel-item'><img width=\"128\" height=\"128\" src=\"https:\/\/dpiteam.com\/wp-content\/uploads\/image_carousel_thumbs\/google_analytics-p2kki7e56l1yobxiezcxejm3q0tv0q6vksmtrm5728.png\" class=\"attachment-full size-full\" alt=\"\" loading=\"lazy\" \/><\/div><div class='carousel-item'><img width=\"128\" height=\"128\" src=\"https:\/\/dpiteam.com\/wp-content\/uploads\/image_carousel_thumbs\/CPlusPlus-p2kkidz0ifayxlnyck7bdzybvpxfilwzxp784jvfuo.png\" class=\"attachment-full size-full\" alt=\"\" loading=\"lazy\" \/><\/div><div class='carousel-item'><img width=\"128\" height=\"128\" src=\"https:\/\/dpiteam.com\/wp-content\/uploads\/image_carousel_thumbs\/Wordpress-p2kkia7nr35tn5teyikt40whi6fynti2l6la7g10jk.png\" class=\"attachment-full size-full\" alt=\"Wordpress\" loading=\"lazy\" \/><\/div><div class='carousel-item'><img width=\"128\" height=\"128\" src=\"https:\/\/dpiteam.com\/wp-content\/uploads\/image_carousel_thumbs\/titanium-p2kkindeernu5paato9l2xkxtkn3nkybazq2xbhi4g.png\" class=\"attachment-full size-full\" alt=\"titanium\" loading=\"lazy\" \/><\/div><div class='carousel-item'><img width=\"128\" height=\"128\" src=\"https:\/\/dpiteam.com\/wp-content\/uploads\/image_carousel_thumbs\/Scrum-p2kkir4r63szg54u7pw3cwms744kidd8nic0ufbxfk.png\" class=\"attachment-full size-full\" alt=\"Scrum Agile\" loading=\"lazy\" \/><\/div><div class='carousel-item'><img width=\"128\" height=\"128\" src=\"https:\/\/dpiteam.com\/wp-content\/uploads\/image_carousel_thumbs\/Prestashop-p2kkiuw3xfy4qkzdlrilmvomknm1d5s600xyrj6cqo.png\" class=\"attachment-full size-full\" alt=\"Prestashop\" loading=\"lazy\" \/><\/div><div class='carousel-item'><img width=\"128\" height=\"128\" src=\"https:\/\/dpiteam.com\/wp-content\/uploads\/image_carousel_thumbs\/MySql-p2kkikjvu9jz6veea51pdgak1f100hn4alrmhhlon4.png\" class=\"attachment-full size-full\" alt=\"MySql\" loading=\"lazy\" \/><\/div><div class='carousel-item'><img width=\"128\" height=\"128\" src=\"https:\/\/dpiteam.com\/wp-content\/uploads\/image_carousel_thumbs\/javascript-p2kkiyngos3a10twzt53wuqgy73i7y73cjjwon0s1s.png\" class=\"attachment-full size-full\" alt=\"javascript\" loading=\"lazy\" \/><\/div><div class='carousel-item'><img width=\"128\" height=\"128\" src=\"https:\/\/dpiteam.com\/wp-content\/uploads\/image_carousel_thumbs\/appcelerator-p2kkj1gz9a74zuptjcczmc0uqcplv1iacxid4gwlj4.png\" class=\"attachment-full size-full\" alt=\"appcelerator\" loading=\"lazy\" \/><\/div>\r\n\t\t<\/div><\/div>\n\n<p>&nbsp;<\/p>\n","protected":false},"excerpt":{"rendered":"<p>Nos valeurs Nos valeurs d\u00e9finissent qui nous sommes. Elles nous quident dans notre travail quotidien, d\u00e9finissent notre comportement dans la gestion des vos projet et influencent la fa\u00e7on dont nous [&hellip;]<\/p>\n","protected":false},"author":1,"featured_media":0,"parent":0,"menu_order":0,"comment_status":"closed","ping_status":"closed","template":"page-fullwidth.php","meta":[],"_links":{"self":[{"href":"https:\/\/dpiteam.com\/index.php\/wp-json\/wp\/v2\/pages\/37"}],"collection":[{"href":"https:\/\/dpiteam.com\/index.php\/wp-json\/wp\/v2\/pages"}],"about":[{"href":"https:\/\/dpiteam.com\/index.php\/wp-json\/wp\/v2\/types\/page"}],"author":[{"embeddable":true,"href":"https:\/\/dpiteam.com\/index.php\/wp-json\/wp\/v2\/users\/1"}],"replies":[{"embeddable":true,"href":"https:\/\/dpiteam.com\/index.php\/wp-json\/wp\/v2\/comments?post=37"}],"version-history":[{"count":35,"href":"https:\/\/dpiteam.com\/index.php\/wp-json\/wp\/v2\/pages\/37\/revisions"}],"predecessor-version":[{"id":117,"href":"https:\/\/dpiteam.com\/index.php\/wp-json\/wp\/v2\/pages\/37\/revisions\/117"}],"wp:attachment":[{"href":"https:\/\/dpiteam.com\/index.php\/wp-json\/wp\/v2\/media?parent=37"}],"curies":[{"name":"wp","href":"https:\/\/api.w.org\/{rel}","templated":true}]}}